{"id":156,"date":"2019-06-06T07:13:35","date_gmt":"2019-06-06T11:13:35","guid":{"rendered":"http:\/\/www.christianlaplante.ca\/?page_id=156"},"modified":"2020-08-13T11:10:46","modified_gmt":"2020-08-13T14:10:46","slug":"accueil","status":"publish","type":"page","link":"https:\/\/www.depierreetdebeton.ca\/wp001\/","title":{"rendered":"Accueil"},"content":{"rendered":"\n<p>Bienvenue sur mon site d\u00e9di\u00e9 au courtage immobilier r\u00e9sidentiel, vous y trouverez sur ce site toutes les informations pertinentes \u00e0 savoir lorsqu&rsquo;on s&rsquo;appr\u00eate \u00e0 vendre ou \u00e0 acheter une propri\u00e9t\u00e9.  Des r\u00e9f\u00e9rences, des conseils, des outils, tout ce qui faut savoir avant d\u2019acheter ou de vendre une propri\u00e9t\u00e9.  Vous trouverez \u00e9galement sur ce blog, des d\u2019articles d\u2019actualit\u00e9 sur l&rsquo;immobilier.<\/p>\n\n\n\n<p>Je me pr\u00e9sente Christian Laplante, je suis un passionn\u00e9 de l&rsquo;immobilier autant en ce qui concerne le visuel que par les aspects fonctionnels.  Je suis \u00e9galement passionn\u00e9 par la construction et la r\u00e9novation.  J&rsquo;ai acquis des formations et des comp\u00e9tences dans ce domaine.  Mes exp\u00e9riences en r\u00e9novation et en construction me permettent de bien vous conseiller.  D&rsquo;ailleurs j&rsquo;ai aussi une autre entreprise qui se nomme \u00ab\u00a0De pierre et de B\u00e9ton\u00a0\u00bb<\/p>\n","protected":false},"excerpt":{"rendered":"<p>Bienvenue sur mon site d\u00e9di\u00e9 au courtage immobilier r\u00e9sidentiel, vous y trouverez sur ce site toutes les informations pertinentes \u00e0&hellip;<\/p>\n","protected":false},"author":1,"featured_media":440,"parent":0,"menu_order":0,"comment_status":"closed","ping_status":"closed","template":"","meta":[],"_links":{"self":[{"href":"https:\/\/www.depierreetdebeton.ca\/wp001\/wp-json\/wp\/v2\/pages\/156"}],"collection":[{"href":"https:\/\/www.depierreetdebeton.ca\/wp001\/wp-json\/wp\/v2\/pages"}],"about":[{"href":"https:\/\/www.depierreetdebeton.ca\/wp001\/wp-json\/wp\/v2\/types\/page"}],"author":[{"embeddable":true,"href":"https:\/\/www.depierreetdebeton.ca\/wp001\/wp-json\/wp\/v2\/users\/1"}],"replies":[{"embeddable":true,"href":"https:\/\/www.depierreetdebeton.ca\/wp001\/wp-json\/wp\/v2\/comments?post=156"}],"version-history":[{"count":8,"href":"https:\/\/www.depierreetdebeton.ca\/wp001\/wp-json\/wp\/v2\/pages\/156\/revisions"}],"predecessor-version":[{"id":511,"href":"https:\/\/www.depierreetdebeton.ca\/wp001\/wp-json\/wp\/v2\/pages\/156\/revisions\/511"}],"wp:featuredmedia":[{"embeddable":true,"href":"https:\/\/www.depierreetdebeton.ca\/wp001\/wp-json\/wp\/v2\/media\/440"}],"wp:attachment":[{"href":"https:\/\/www.depierreetdebeton.ca\/wp001\/wp-json\/wp\/v2\/media?parent=156"}],"curies":[{"name":"wp","href":"https:\/\/api.w.org\/{rel}","templated":true}]}}