{"id":158,"date":"2019-06-06T07:13:35","date_gmt":"2019-06-06T10:13:35","guid":{"rendered":"http:\/\/www.christianlaplante.ca\/?page_id=158"},"modified":"2020-08-13T11:21:11","modified_gmt":"2020-08-13T14:21:11","slug":"services","status":"publish","type":"page","link":"https:\/\/www.depierreetdebeton.ca\/wp001\/services\/","title":{"rendered":"Ce que je fais pour vous!"},"content":{"rendered":"\n<h3 class=\"wp-block-heading\"><a href=\"https:\/\/www.facebook.com\/pg\/Christian-Laplante-Courtier-immobilier-Remax-extra-229682217591143\/services\/?service_id=1816108408473893#\">Analyse immobili\u00e8re<\/a><\/h3>\n\n\n\n<p> Comment \u00e9tablir le bon prix? vous aurez certainement besoin d&rsquo;une analyse du march\u00e9 et de comparer votre propri\u00e9t\u00e9 \u00e0 celles qui se sont d\u00e9j\u00e0 vendues et quel est l&rsquo;\u00e9tat actuel du march\u00e9 dans votre secteur.  <\/p>\n\n\n\n<h3 class=\"wp-block-heading\">\u00c9valuation marchande de votre maison<br><\/h3>\n\n\n\n<p> Pour bien \u00e9valuer une propri\u00e9t\u00e9, j&rsquo;utilise la combinaison de plusieurs techniques d&rsquo;\u00e9valuation que je poss\u00e8de avec mes outils de travail et mes comp\u00e9tences.  <\/p>\n\n\n\n<h3 class=\"wp-block-heading\">\u00c9valuation du march\u00e9 actuel de votre secteur<br><\/h3>\n\n\n\n<p> Une fois l&rsquo;\u00e9valuation de la propri\u00e9t\u00e9 effectu\u00e9e, il faut aussi s&rsquo;ajuster au march\u00e9 actuel et faire face \u00e0 la comp\u00e9tition.  Combien de maisons similaires sont \u00e0 vendre dans votre secteur ou dans les villes voisines?  <\/p>\n\n\n\n<h2 class=\"wp-block-heading\">Les co\u00fbts reli\u00e9s \u00e0 la mise en march\u00e9<\/h2>\n\n\n\n<p>Mettre sa maison \u00e0 vendre exige souvent des co\u00fbts auxquels on n&rsquo;y pense pas toujours.<\/p>\n\n\n\n<p>Pr\u00e9parer sa maison, la rendre plus attrayante aux yeux des acheteurs, les tests divers que les acheteurs vont vous demander pour prouver certains \u00e9l\u00e9ments de conformit\u00e9 ou de qualit\u00e9 sur votre propri\u00e9t\u00e9.<\/p>\n\n\n\n<p>Les frais reli\u00e9s aux titres de votre propri\u00e9t\u00e9, la p\u00e9nalit\u00e9 sur le remboursement de votre pr\u00eat hypoth\u00e9caire inscrit sur votre acte hypoth\u00e9caire, les r\u00e9partitions des frais divers annuel, etc.  Je peux peux vous d\u00e9tailler tous les frais possibles lorsque vous me confier la mise en vente de votre propri\u00e9t\u00e9.<\/p>\n\n\n\n<h2 class=\"wp-block-heading\">Bref! Une  mise en march\u00e9 r\u00e9ussie demande une bonne pr\u00e9paration. <\/h2>\n\n\n\n<p>En faisant appel \u00e0 mes services vous serez conseill\u00e9 sur tous les \u00e9l\u00e9ments qui peuvent nuire ou favoriser la vente de propri\u00e9t\u00e9.  Il y a beaucoup de facteurs \u00e0 prendre en consid\u00e9ration.<\/p>\n\n\n\n<figure class=\"wp-block-gallery columns-1 is-cropped wp-block-gallery-1 is-layout-flex\"><ul class=\"blocks-gallery-grid\"><li class=\"blocks-gallery-item\"><figure><img decoding=\"async\" loading=\"lazy\" width=\"1546\" height=\"1024\" src=\"http:\/\/www.christianlaplante.ca\/wp-content\/uploads\/2019\/11\/Canva-Close-up-Photo-of-Man-Wearing-Black-Suit-Jacket-Doing-Thumbs-Up-Gesture-1546x1024.jpg\" alt=\"\" data-id=\"471\" data-link=\"http:\/\/www.christianlaplante.ca\/services\/business-man-in-suit-ready-for-meeting\/\" class=\"wp-image-471\" srcset=\"https:\/\/www.depierreetdebeton.ca\/wp001\/wp-content\/uploads\/2019\/11\/Canva-Close-up-Photo-of-Man-Wearing-Black-Suit-Jacket-Doing-Thumbs-Up-Gesture-1546x1024.jpg 1546w, https:\/\/www.depierreetdebeton.ca\/wp001\/wp-content\/uploads\/2019\/11\/Canva-Close-up-Photo-of-Man-Wearing-Black-Suit-Jacket-Doing-Thumbs-Up-Gesture-300x199.jpg 300w, https:\/\/www.depierreetdebeton.ca\/wp001\/wp-content\/uploads\/2019\/11\/Canva-Close-up-Photo-of-Man-Wearing-Black-Suit-Jacket-Doing-Thumbs-Up-Gesture-768x509.jpg 768w, https:\/\/www.depierreetdebeton.ca\/wp001\/wp-content\/uploads\/2019\/11\/Canva-Close-up-Photo-of-Man-Wearing-Black-Suit-Jacket-Doing-Thumbs-Up-Gesture-1600x1060.jpg 1600w\" sizes=\"(max-width: 1546px) 100vw, 1546px\" \/><figcaption class=\"blocks-gallery-item__caption\">Business man success in job<\/figcaption><\/figure><\/li><\/ul><\/figure>\n","protected":false},"excerpt":{"rendered":"<p>Analyse immobili\u00e8re Comment \u00e9tablir le bon prix? vous aurez certainement besoin d&rsquo;une analyse du march\u00e9 et de comparer votre propri\u00e9t\u00e9&hellip;<\/p>\n","protected":false},"author":1,"featured_media":0,"parent":0,"menu_order":20,"comment_status":"closed","ping_status":"closed","template":"","meta":[],"_links":{"self":[{"href":"https:\/\/www.depierreetdebeton.ca\/wp001\/wp-json\/wp\/v2\/pages\/158"}],"collection":[{"href":"https:\/\/www.depierreetdebeton.ca\/wp001\/wp-json\/wp\/v2\/pages"}],"about":[{"href":"https:\/\/www.depierreetdebeton.ca\/wp001\/wp-json\/wp\/v2\/types\/page"}],"author":[{"embeddable":true,"href":"https:\/\/www.depierreetdebeton.ca\/wp001\/wp-json\/wp\/v2\/users\/1"}],"replies":[{"embeddable":true,"href":"https:\/\/www.depierreetdebeton.ca\/wp001\/wp-json\/wp\/v2\/comments?post=158"}],"version-history":[{"count":12,"href":"https:\/\/www.depierreetdebeton.ca\/wp001\/wp-json\/wp\/v2\/pages\/158\/revisions"}],"predecessor-version":[{"id":531,"href":"https:\/\/www.depierreetdebeton.ca\/wp001\/wp-json\/wp\/v2\/pages\/158\/revisions\/531"}],"wp:attachment":[{"href":"https:\/\/www.depierreetdebeton.ca\/wp001\/wp-json\/wp\/v2\/media?parent=158"}],"curies":[{"name":"wp","href":"https:\/\/api.w.org\/{rel}","templated":true}]}}