{"id":354,"date":"2019-07-23T07:55:36","date_gmt":"2019-07-23T10:55:36","guid":{"rendered":"http:\/\/www.christianlaplante.ca\/?page_id=354"},"modified":"2020-08-13T11:34:11","modified_gmt":"2020-08-13T14:34:11","slug":"conseil-achat-et-vente","status":"publish","type":"page","link":"https:\/\/www.depierreetdebeton.ca\/wp001\/conseil-achat-et-vente\/","title":{"rendered":"Conseils Achat et Vente"},"content":{"rendered":"\n<p>Bonjour, voici quelques \u00e9l\u00e9ments de base qu&rsquo;il faut savoir avant d&rsquo;acheter une propri\u00e9t\u00e9.<\/p>\n\n\n\n<p>Les programmes gouvernementaux d&rsquo;accession \u00e0 la propri\u00e9t\u00e9, comme par exemple, RAP et pr\u00eat SCHL.<\/p>\n\n\n\n<p>Autres programmes  d&rsquo;accessions \u00e0 la propri\u00e9t\u00e9, provenant de pr\u00eateurs priv\u00e9s qui viennent en aide aux acheteurs, comme par exemple pour les mises de fonds.<\/p>\n\n\n\n<p>Combien j&rsquo;\u00e9conomise si je deviens propri\u00e9taire maintenant? Je vous donne des exemples de calcul.<\/p>\n\n\n\n<p>Liste des co\u00fbts \u00e0 pr\u00e9voir pour la mise en march\u00e9 de votre propri\u00e9t\u00e9.<\/p>\n\n\n\n<p>Liste des co\u00fbts pour l&rsquo;achat de votre future propri\u00e9t\u00e9.<\/p>\n","protected":false},"excerpt":{"rendered":"<p>Bonjour, voici quelques \u00e9l\u00e9ments de base qu&rsquo;il faut savoir avant d&rsquo;acheter une propri\u00e9t\u00e9. Les programmes gouvernementaux d&rsquo;accession \u00e0 la propri\u00e9t\u00e9,&hellip;<\/p>\n","protected":false},"author":1,"featured_media":449,"parent":0,"menu_order":30,"comment_status":"closed","ping_status":"closed","template":"","meta":[],"_links":{"self":[{"href":"https:\/\/www.depierreetdebeton.ca\/wp001\/wp-json\/wp\/v2\/pages\/354"}],"collection":[{"href":"https:\/\/www.depierreetdebeton.ca\/wp001\/wp-json\/wp\/v2\/pages"}],"about":[{"href":"https:\/\/www.depierreetdebeton.ca\/wp001\/wp-json\/wp\/v2\/types\/page"}],"author":[{"embeddable":true,"href":"https:\/\/www.depierreetdebeton.ca\/wp001\/wp-json\/wp\/v2\/users\/1"}],"replies":[{"embeddable":true,"href":"https:\/\/www.depierreetdebeton.ca\/wp001\/wp-json\/wp\/v2\/comments?post=354"}],"version-history":[{"count":12,"href":"https:\/\/www.depierreetdebeton.ca\/wp001\/wp-json\/wp\/v2\/pages\/354\/revisions"}],"predecessor-version":[{"id":517,"href":"https:\/\/www.depierreetdebeton.ca\/wp001\/wp-json\/wp\/v2\/pages\/354\/revisions\/517"}],"wp:featuredmedia":[{"embeddable":true,"href":"https:\/\/www.depierreetdebeton.ca\/wp001\/wp-json\/wp\/v2\/media\/449"}],"wp:attachment":[{"href":"https:\/\/www.depierreetdebeton.ca\/wp001\/wp-json\/wp\/v2\/media?parent=354"}],"curies":[{"name":"wp","href":"https:\/\/api.w.org\/{rel}","templated":true}]}}