{"id":386,"date":"2019-07-23T18:04:00","date_gmt":"2019-07-23T21:04:00","guid":{"rendered":"http:\/\/www.christianlaplante.ca\/?page_id=386"},"modified":"2020-08-14T08:53:57","modified_gmt":"2020-08-14T11:53:57","slug":"vendeur","status":"publish","type":"page","link":"https:\/\/www.depierreetdebeton.ca\/wp001\/conseil-achat-et-vente\/vendeur\/","title":{"rendered":"Vendeur-conseil"},"content":{"rendered":"\n<p>Vous vous demandez combien d&rsquo;argent vous allez obtenir \u00e0 la vente? <\/p>\n\n\n\n<p>Vous vous demandez si vous pouvez vendre vous m\u00eame sans les services d&rsquo;un professionnel?<\/p>\n\n\n\n<p>Vous vous dites qu&rsquo;un courtier immobilier co\u00fbte cher et que \u00e7a peut diminuer votre profit de la vente?<\/p>\n\n\n\n<p>Vous vous demandez aussi quelles sont vos protections lors de la vente de votre propri\u00e9t\u00e9?<\/p>\n\n\n\n<p>Si vous avez r\u00e9pondu oui \u00e0 une de ces 4 questions c&rsquo;est que vous n&rsquo;\u00eates pas bien inform\u00e9! <\/p>\n\n\n\n<p>Me demander conseil c&rsquo;est faire le choix de bien s&rsquo;informer et de se doter des meilleurs outils possibles pour la vente de sa propri\u00e9t\u00e9. Vendre une maison ce n&rsquo;est pas comme vendre une automobile,  cela commence par bien connaitre tous les frais reli\u00e9s \u00e0 la vente, aux garanties des titres et du mat\u00e9riel, de la bonne mise en march\u00e9 avec le plus de visibilit\u00e9 possible, la pr\u00e9sentation lors des visites, et du bon d\u00e9roulement lors du processus des promesses d&rsquo;achat jusqu\u2019\u00e0 l&rsquo;acte notari\u00e9. De plus, vous allez vendre votre propri\u00e9t\u00e9 jusqu&rsquo;\u00e0 4 fois plus rapidement tout en empochant plus d&rsquo;argent que si vous la vendiez par vous m\u00eame, m\u00eame apr\u00e8s m&rsquo;avoir r\u00e9mun\u00e9r\u00e9 pour mes services..<\/p>\n\n\n\n<p>En plus vous b\u00e9n\u00e9ficier de toute la protection l\u00e9gale qu&rsquo;offre un professionnel du courtage immobilier. <a href=\"https:\/\/www.oaciq.com\/fr\/pages\/protections\">https:\/\/www.oaciq.com\/fr\/pages\/protections<\/a><\/p>\n\n\n\n<p><\/p>\n\n\n\n<div class=\"wp-block-group\"><div class=\"wp-block-group__inner-container is-layout-flow\">\n<p><\/p>\n<\/div><\/div>\n","protected":false},"excerpt":{"rendered":"<p>Vous vous demandez combien d&rsquo;argent vous allez obtenir \u00e0 la vente? Vous vous demandez si vous pouvez vendre vous m\u00eame&hellip;<\/p>\n","protected":false},"author":1,"featured_media":447,"parent":354,"menu_order":32,"comment_status":"closed","ping_status":"closed","template":"","meta":[],"_links":{"self":[{"href":"https:\/\/www.depierreetdebeton.ca\/wp001\/wp-json\/wp\/v2\/pages\/386"}],"collection":[{"href":"https:\/\/www.depierreetdebeton.ca\/wp001\/wp-json\/wp\/v2\/pages"}],"about":[{"href":"https:\/\/www.depierreetdebeton.ca\/wp001\/wp-json\/wp\/v2\/types\/page"}],"author":[{"embeddable":true,"href":"https:\/\/www.depierreetdebeton.ca\/wp001\/wp-json\/wp\/v2\/users\/1"}],"replies":[{"embeddable":true,"href":"https:\/\/www.depierreetdebeton.ca\/wp001\/wp-json\/wp\/v2\/comments?post=386"}],"version-history":[{"count":3,"href":"https:\/\/www.depierreetdebeton.ca\/wp001\/wp-json\/wp\/v2\/pages\/386\/revisions"}],"predecessor-version":[{"id":529,"href":"https:\/\/www.depierreetdebeton.ca\/wp001\/wp-json\/wp\/v2\/pages\/386\/revisions\/529"}],"up":[{"embeddable":true,"href":"https:\/\/www.depierreetdebeton.ca\/wp001\/wp-json\/wp\/v2\/pages\/354"}],"wp:featuredmedia":[{"embeddable":true,"href":"https:\/\/www.depierreetdebeton.ca\/wp001\/wp-json\/wp\/v2\/media\/447"}],"wp:attachment":[{"href":"https:\/\/www.depierreetdebeton.ca\/wp001\/wp-json\/wp\/v2\/media?parent=386"}],"curies":[{"name":"wp","href":"https:\/\/api.w.org\/{rel}","templated":true}]}}