{"id":390,"date":"2019-07-23T18:15:02","date_gmt":"2019-07-23T21:15:02","guid":{"rendered":"http:\/\/www.christianlaplante.ca\/?page_id=390"},"modified":"2020-08-13T11:48:08","modified_gmt":"2020-08-13T14:48:08","slug":"je-cherche-une-propriete","status":"publish","type":"page","link":"https:\/\/www.depierreetdebeton.ca\/wp001\/contactez-nous\/je-cherche-une-propriete\/","title":{"rendered":"Trouvez votre propri\u00e9t\u00e9&#8230;"},"content":{"rendered":"\n<p class=\"has-secondary-color has-text-color\">Afin de faciliter la cr\u00e9ation de votre portail de r\u00e9sultats de recherches de propri\u00e9t\u00e9s, plus vous allez ajouter de l&rsquo;information, plus la recherche sera pr\u00e9cise.  Certaines informations sont obligatoire car elles sont essentielles pour ne pas avoir un trop grand  volume de propri\u00e9t\u00e9 qui ne r\u00e9ponde pas \u00e0 vos besoins. Vous pouvez aussi faire des s\u00e9lections multiples sur certains crit\u00e8res.<\/p>\n<noscript class=\"ninja-forms-noscript-message\">\n\tRemarque\u00a0: JavaScript est requis pour ce contenu.<\/noscript>\n<div id=\"nf-form-2-cont\" class=\"nf-form-cont\" aria-live=\"polite\" aria-labelledby=\"nf-form-title-2\" aria-describedby=\"nf-form-errors-2\" role=\"form\">\n\n    <div class=\"nf-loading-spinner\"><\/div>\n\n<\/div>\n        <!-- That data is being printed as a workaround to page builders reordering the order of the scripts loaded-->\n        <script>var formDisplay=1;var nfForms=nfForms||[];var form=[];form.id='2';form.settings={\"objectType\":\"Form Setting\",\"editActive\":true,\"title\":\"Cr\\u00e9ation de votre portail de recherche de propri\\u00e9t\\u00e9s\",\"key\":\"\",\"created_at\":\"2016-03-16 20:27:29\",\"show_title\":1,\"clear_complete\":\"1\",\"hide_complete\":\"1\",\"currency\":\"usd\",\"add_submit\":\"1\",\"logged_in\":\"0\",\"lock\":\"0\",\"default_label_pos\":\"above\",\"wrapper_class\":\"\",\"element_class\":\"\",\"not_logged_in_msg\":\"\",\"sub_limit_msg\":\"\",\"calculations\":[],\"fieldContentsData\":[{\"label\":\"Name\",\"key\":\"name\",\"parent_id\":2,\"type\":\"textbox\",\"created_at\":\"2016-03-16 20:27:29\",\"objectType\":\"Field\",\"objectDomain\":\"fields\",\"editActive\":false,\"label_pos\":\"above\",\"required\":1,\"placeholder\":\"\",\"default\":\"\",\"wrapper_class\":\"\",\"element_class\":\"\",\"input_limit\":\"\",\"input_limit_type\":\"characters\",\"input_limit_message\":\"Character(s) left\",\"manual_key\":\"\",\"disable_input\":\"\",\"admin_label\":\"\",\"help_text\":\"\",\"desc_text\":\"\",\"desc_pos\":\"\",\"disable_browser_autocomplete\":\"\",\"mask\":\"\",\"custom_mask\":\"\",\"order\":1,\"id\":7,\"container_class\":\"\",\"input_limit_msg\":\"Character(s) left\"},{\"label\":\"Email\",\"key\":\"email\",\"parent_id\":2,\"type\":\"email\",\"created_at\":\"2016-03-16 20:27:29\",\"objectType\":\"Field\",\"objectDomain\":\"fields\",\"editActive\":false,\"label_pos\":\"above\",\"required\":1,\"default\":\"\",\"placeholder\":\"\",\"wrapper_class\":\"\",\"element_class\":\"\",\"admin_label\":\"\",\"help_text\":\"\",\"desc_text\":\"\",\"desc_pos\":\"\",\"order\":2,\"id\":8,\"container_class\":\"\"},{\"label\":\"Message\",\"key\":\"message\",\"parent_id\":2,\"type\":\"textarea\",\"created_at\":\"2016-03-16 20:27:29\",\"objectType\":\"Field\",\"objectDomain\":\"fields\",\"editActive\":false,\"label_pos\":\"above\",\"required\":1,\"placeholder\":\"\",\"default\":\"\",\"wrapper_class\":\"\",\"element_class\":\"\",\"input_limit\":\"\",\"input_limit_type\":\"characters\",\"input_limit_message\":\"Character(s) left\",\"manual_key\":\"\",\"disable_input\":\"\",\"admin_label\":\"\",\"help_text\":\"\",\"desc_text\":\"\",\"desc_pos\":\"\",\"disable_browser_autocomplete\":\"\",\"textarea_rte\":\"\",\"disable_rte_mobile\":\"\",\"textarea_media\":\"\",\"order\":3,\"id\":9,\"container_class\":\"\",\"input_limit_msg\":\"Character(s) left\"},{\"label\":\"What is thirteen minus 6?\",\"key\":\"spam_1\",\"parent_id\":2,\"type\":\"spam\",\"created_at\":\"2016-03-16 20:27:29\",\"objectType\":\"Field\",\"objectDomain\":\"fields\",\"editActive\":false,\"label_pos\":\"above\",\"required\":1,\"placeholder\":\"\",\"default\":\"\",\"wrapper_class\":\"\",\"element_class\":\"\",\"input_limit\":\"\",\"input_limit_type\":\"characters\",\"input_limit_message\":\"Character(s) left\",\"manual_key\":1,\"disable_input\":\"\",\"admin_label\":\"\",\"help_text\":\"\",\"desc_text\":\"\",\"desc_pos\":\"\",\"spam_answer\":7,\"order\":4,\"id\":10,\"container_class\":\"\",\"input_limit_msg\":\"Character(s) left\"},{\"label\":\"Send\",\"key\":\"send\",\"parent_id\":2,\"type\":\"submit\",\"created_at\":\"2016-03-16 20:27:29\",\"objectType\":\"Field\",\"objectDomain\":\"fields\",\"editActive\":false,\"processing_label\":\"Processing\",\"wrapper_class\":\"\",\"element_class\":\"\",\"order\":5,\"id\":11,\"container_class\":\"\"}],\"formContentData\":[\"nom_complet_1564521274781\",\"courriel_1564521262367\",\"telephone_1580325911616\",\"date_d_occupation_visee_1580325996352\",\"genre_de_propriete_selection_multiple_possible_ctrl_clic_1580480394650\",\"modele_1580326366733\",\"nombre_de_chambre_total_1580326200620\",\"nombre_total_de_salle_de_bains_et_salle_d_eau_1580326291019\",\"villes_ou_secteurs_recherches_1580326578120\",\"soumettre_1564521234923\"],\"allow_public_link\":1,\"embed_form\":\"\",\"changeEmailErrorMsg\":\"Veuillez saisir une adresse de messagerie valide. Ex\\u00a0: jean.dupont@gmail.com\",\"changeDateErrorMsg\":\"Veuillez saisir une date valide\\u00a0!\",\"confirmFieldErrorMsg\":\"Ces champs doivent correspondre\\u00a0!\",\"fieldNumberNumMinError\":\"Erreur de nombre min.\",\"fieldNumberNumMaxError\":\"Erreur de nombre max.\",\"fieldNumberIncrementBy\":\"Veuillez incr\\u00e9menter par \",\"formErrorsCorrectErrors\":\"Veuillez corriger les erreurs avant d\\u2019envoyer ce formulaire.\",\"validateRequiredField\":\"Ce champ est obligatoire.\",\"honeypotHoneypotError\":\"Erreur Honeypot\",\"fieldsMarkedRequired\":\"Les champs marqu\\u00e9s d\\u2019un <span class=\\\"ninja-forms-req-symbol\\\">*<\\\/span> sont obligatoires\",\"unique_field_error\":\"A form with this value has already been submitted.\",\"drawerDisabled\":false,\"public_link\":\"http:\\\/\\\/www.christianlaplante.ca\\\/ninja-forms\\\/2rfdc\",\"unique_field\":\"\",\"public_link_key\":\"2rfdc\",\"ninjaForms\":\"Ninja Forms\",\"fieldTextareaRTEInsertLink\":\"Ins\\u00e9rer un lien\",\"fieldTextareaRTEInsertMedia\":\"Ins\\u00e9rer un m\\u00e9dia\",\"fieldTextareaRTESelectAFile\":\"S\\u00e9lectionnez un fichier\",\"formHoneypot\":\"Si vous \\u00eates un \\u00eatre humain et que vous voyez ce champ, veuillez le laisser vide.\",\"fileUploadOldCodeFileUploadInProgress\":\"T\\u00e9l\\u00e9versement du fichier en cours.\",\"fileUploadOldCodeFileUpload\":\"T\\u00c9L\\u00c9VERSEMENT DE FICHIER\",\"currencySymbol\":\"$\",\"thousands_sep\":\"\\u00a0\",\"decimal_point\":\",\",\"siteLocale\":\"fr_FR\",\"dateFormat\":\"d\\\/m\\\/Y\",\"startOfWeek\":\"0\",\"of\":\"sur\",\"previousMonth\":\"Mois pr\\u00e9c\\u00e9dent\",\"nextMonth\":\"Mois suivant\",\"months\":[\"Janvier\",\"F\\u00e9vrier\",\"Mars\",\"Avril\",\"Mai\",\"Juin\",\"Juillet\",\"Ao\\u00fbt\",\"Septembre\",\"Octobre\",\"Novembre\",\"D\\u00e9cembre\"],\"monthsShort\":[\"Jan\",\"F\\u00e9v\",\"Mar\",\"Avr\",\"Mai\",\"Juin\",\"Juil\",\"Ao\\u00fb\",\"Sep\",\"Oct\",\"Nov\",\"D\\u00e9c\"],\"weekdays\":[\"Dimanche\",\"Lundi\",\"Mardi\",\"Mercredi\",\"Jeudi\",\"Vendredi\",\"Samedi\"],\"weekdaysShort\":[\"Dim\",\"Lun\",\"Mar\",\"Mer\",\"Jeu\",\"Ven\",\"Sam\"],\"weekdaysMin\":[\"Di\",\"Lu\",\"Ma\",\"Me\",\"Je\",\"Ve\",\"Sa\"],\"recaptchaConsentMissing\":\"reCaptcha validation couldn&#039;t load.\",\"recaptchaMissingCookie\":\"reCaptcha v3 validation couldn&#039;t load the cookie needed to submit the form.\",\"recaptchaConsentEvent\":\"Accept reCaptcha cookies before sending the form.\",\"currency_symbol\":\"\",\"beforeForm\":\"\",\"beforeFields\":\"\",\"afterFields\":\"\",\"afterForm\":\"\"};form.fields=[{\"objectType\":\"Field\",\"objectDomain\":\"fields\",\"editActive\":false,\"order\":1,\"label_pos\":\"above\",\"required\":1,\"input_limit_type\":\"characters\",\"input_limit_message\":\"Character(s) left\",\"input_limit_msg\":\"Character(s) left\",\"label\":\"Nom complet\",\"key\":\"nom_complet_1564521274781\",\"type\":\"textbox\",\"default\":\"\",\"placeholder\":\"\",\"container_class\":\"\",\"element_class\":\"\",\"input_limit\":\"\",\"manual_key\":false,\"admin_label\":\"\",\"help_text\":\"\",\"mask\":\"\",\"custom_mask\":\"\",\"custom_name_attribute\":\"\",\"personally_identifiable\":\"\",\"value\":\"\",\"drawerDisabled\":false,\"id\":7,\"beforeField\":\"\",\"afterField\":\"\",\"parentType\":\"textbox\",\"element_templates\":[\"textbox\",\"input\"],\"old_classname\":\"\",\"wrap_template\":\"wrap\"},{\"objectType\":\"Field\",\"objectDomain\":\"fields\",\"editActive\":false,\"order\":2,\"label_pos\":\"above\",\"required\":1,\"label\":\"Courriel\",\"key\":\"courriel_1564521262367\",\"type\":\"email\",\"default\":\"\",\"placeholder\":\"\",\"container_class\":\"\",\"element_class\":\"\",\"admin_label\":\"\",\"help_text\":\"\",\"custom_name_attribute\":\"email\",\"personally_identifiable\":1,\"value\":\"\",\"id\":8,\"beforeField\":\"\",\"afterField\":\"\",\"parentType\":\"email\",\"element_templates\":[\"email\",\"input\"],\"old_classname\":\"\",\"wrap_template\":\"wrap\"},{\"objectType\":\"Field\",\"objectDomain\":\"fields\",\"editActive\":false,\"order\":3,\"label\":\"T\\u00e9l\\u00e9phone\",\"type\":\"phone\",\"key\":\"telephone_1580325911616\",\"label_pos\":\"above\",\"required\":1,\"default\":\"\",\"placeholder\":\"\",\"container_class\":\"\",\"element_class\":\"\",\"input_limit\":\"\",\"input_limit_type\":\"characters\",\"input_limit_msg\":\"Caract\\u00e8re(s) restant(s)\",\"manual_key\":false,\"admin_label\":\"\",\"help_text\":\"\",\"mask\":\"\",\"custom_mask\":\"\",\"custom_name_attribute\":\"phone\",\"personally_identifiable\":1,\"value\":\"\",\"drawerDisabled\":false,\"id\":59,\"beforeField\":\"\",\"afterField\":\"\",\"parentType\":\"textbox\",\"element_templates\":[\"tel\",\"textbox\",\"input\"],\"old_classname\":\"\",\"wrap_template\":\"wrap\"},{\"objectType\":\"Field\",\"objectDomain\":\"fields\",\"editActive\":false,\"order\":4,\"label\":\"Date d'occupation vis\\u00e9e!\",\"type\":\"date\",\"key\":\"date_d_occupation_visee_1580325996352\",\"label_pos\":\"above\",\"required\":false,\"placeholder\":\"\",\"container_class\":\"\",\"element_class\":\"\",\"manual_key\":false,\"admin_label\":\"\",\"help_text\":\"\",\"date_format\":\"default\",\"year_range_start\":\"\",\"year_range_end\":\"\",\"drawerDisabled\":false,\"hours_options\":\"<option value=\\\"00\\\" >00<\\\/option><option value=\\\"01\\\" >01<\\\/option><option value=\\\"02\\\" >02<\\\/option><option value=\\\"03\\\" >03<\\\/option><option value=\\\"04\\\" >04<\\\/option><option value=\\\"05\\\" >05<\\\/option><option value=\\\"06\\\" >06<\\\/option><option value=\\\"07\\\" >07<\\\/option><option value=\\\"08\\\" >08<\\\/option><option value=\\\"09\\\" >09<\\\/option><option value=\\\"10\\\" >10<\\\/option><option value=\\\"11\\\" >11<\\\/option><option value=\\\"12\\\" >12<\\\/option><option value=\\\"13\\\" >13<\\\/option><option value=\\\"14\\\" >14<\\\/option><option value=\\\"15\\\" >15<\\\/option><option value=\\\"16\\\" >16<\\\/option><option value=\\\"17\\\" >17<\\\/option><option value=\\\"18\\\" >18<\\\/option><option value=\\\"19\\\" >19<\\\/option><option value=\\\"20\\\" >20<\\\/option><option value=\\\"21\\\" >21<\\\/option><option value=\\\"22\\\" >22<\\\/option><option value=\\\"23\\\" >23<\\\/option>\",\"minutes_options\":\"<option value=\\\"00\\\" >00<\\\/option><option value=\\\"01\\\" >01<\\\/option><option value=\\\"02\\\" >02<\\\/option><option value=\\\"03\\\" >03<\\\/option><option value=\\\"04\\\" >04<\\\/option><option value=\\\"05\\\" >05<\\\/option><option value=\\\"06\\\" >06<\\\/option><option value=\\\"07\\\" >07<\\\/option><option value=\\\"08\\\" >08<\\\/option><option value=\\\"09\\\" >09<\\\/option><option value=\\\"10\\\" >10<\\\/option><option value=\\\"11\\\" >11<\\\/option><option value=\\\"12\\\" >12<\\\/option><option value=\\\"13\\\" >13<\\\/option><option value=\\\"14\\\" >14<\\\/option><option value=\\\"15\\\" >15<\\\/option><option value=\\\"16\\\" >16<\\\/option><option value=\\\"17\\\" >17<\\\/option><option value=\\\"18\\\" >18<\\\/option><option value=\\\"19\\\" >19<\\\/option><option value=\\\"20\\\" >20<\\\/option><option value=\\\"21\\\" >21<\\\/option><option value=\\\"22\\\" >22<\\\/option><option value=\\\"23\\\" >23<\\\/option><option value=\\\"24\\\" >24<\\\/option><option value=\\\"25\\\" >25<\\\/option><option value=\\\"26\\\" >26<\\\/option><option value=\\\"27\\\" >27<\\\/option><option value=\\\"28\\\" >28<\\\/option><option value=\\\"29\\\" >29<\\\/option><option value=\\\"30\\\" >30<\\\/option><option value=\\\"31\\\" >31<\\\/option><option value=\\\"32\\\" >32<\\\/option><option value=\\\"33\\\" >33<\\\/option><option value=\\\"34\\\" >34<\\\/option><option value=\\\"35\\\" >35<\\\/option><option value=\\\"36\\\" >36<\\\/option><option value=\\\"37\\\" >37<\\\/option><option value=\\\"38\\\" >38<\\\/option><option value=\\\"39\\\" >39<\\\/option><option value=\\\"40\\\" >40<\\\/option><option value=\\\"41\\\" >41<\\\/option><option value=\\\"42\\\" >42<\\\/option><option value=\\\"43\\\" >43<\\\/option><option value=\\\"44\\\" >44<\\\/option><option value=\\\"45\\\" >45<\\\/option><option value=\\\"46\\\" >46<\\\/option><option value=\\\"47\\\" >47<\\\/option><option value=\\\"48\\\" >48<\\\/option><option value=\\\"49\\\" >49<\\\/option><option value=\\\"50\\\" >50<\\\/option><option value=\\\"51\\\" >51<\\\/option><option value=\\\"52\\\" >52<\\\/option><option value=\\\"53\\\" >53<\\\/option><option value=\\\"54\\\" >54<\\\/option><option value=\\\"55\\\" >55<\\\/option><option value=\\\"56\\\" >56<\\\/option><option value=\\\"57\\\" >57<\\\/option><option value=\\\"58\\\" >58<\\\/option><option value=\\\"59\\\" >59<\\\/option>\",\"id\":60,\"beforeField\":\"\",\"afterField\":\"\",\"value\":\"\",\"parentType\":\"date\",\"element_templates\":[\"date\",\"textbox\",\"input\"],\"old_classname\":\"\",\"wrap_template\":\"wrap\"},{\"objectType\":\"Field\",\"objectDomain\":\"fields\",\"editActive\":false,\"order\":6,\"label\":\"Genre de propri\\u00e9t\\u00e9 (S\\u00e9lection multiple possible Ctrl+Clic)\",\"type\":\"listmultiselect\",\"key\":\"genre_de_propriete_selection_multiple_possible_ctrl_clic_1580480394650\",\"label_pos\":\"above\",\"required\":1,\"options\":[{\"errors\":[],\"max_options\":0,\"label\":\"Copropri\\u00e9t\\u00e9\",\"value\":\"Cop\",\"calc\":\"1\",\"selected\":0,\"order\":0,\"settingModel\":{\"settings\":false,\"hide_merge_tags\":false,\"error\":false,\"name\":\"options\",\"type\":\"option-repeater\",\"label\":\"Options <a href=\\\"#\\\" class=\\\"nf-add-new\\\">Ajouter<\\\/a> <a href=\\\"#\\\" class=\\\"extra nf-open-import-tooltip\\\"><i class=\\\"fa fa-sign-in\\\" aria-hidden=\\\"true\\\"><\\\/i> Importer<\\\/a>\",\"width\":\"full\",\"group\":\"\",\"value\":[{\"label\":\"Un\",\"value\":\"un\",\"calc\":\"\",\"selected\":0,\"order\":0},{\"label\":\"Deux\",\"value\":\"deux\",\"calc\":\"\",\"selected\":0,\"order\":1},{\"label\":\"Trois\",\"value\":\"trois\",\"calc\":\"\",\"selected\":0,\"order\":2}],\"columns\":{\"label\":{\"header\":\"Libell\\u00e9\",\"default\":\"\"},\"value\":{\"header\":\"Valeur\",\"default\":\"\"},\"calc\":{\"header\":\"Valeur de calcul\",\"default\":\"\"},\"selected\":{\"header\":\"<span class=\\\"dashicons dashicons-yes\\\"><\\\/span>\",\"default\":0}}},\"manual_value\":true},{\"errors\":[],\"max_options\":0,\"label\":\"Unifamillaile\",\"value\":\"Uni\",\"calc\":\"2\",\"selected\":0,\"order\":1,\"settingModel\":{\"settings\":false,\"hide_merge_tags\":false,\"error\":false,\"name\":\"options\",\"type\":\"option-repeater\",\"label\":\"Options <a href=\\\"#\\\" class=\\\"nf-add-new\\\">Ajouter<\\\/a> <a href=\\\"#\\\" class=\\\"extra nf-open-import-tooltip\\\"><i class=\\\"fa fa-sign-in\\\" aria-hidden=\\\"true\\\"><\\\/i> Importer<\\\/a>\",\"width\":\"full\",\"group\":\"\",\"value\":[{\"label\":\"Un\",\"value\":\"un\",\"calc\":\"\",\"selected\":0,\"order\":0},{\"label\":\"Deux\",\"value\":\"deux\",\"calc\":\"\",\"selected\":0,\"order\":1},{\"label\":\"Trois\",\"value\":\"trois\",\"calc\":\"\",\"selected\":0,\"order\":2}],\"columns\":{\"label\":{\"header\":\"Libell\\u00e9\",\"default\":\"\"},\"value\":{\"header\":\"Valeur\",\"default\":\"\"},\"calc\":{\"header\":\"Valeur de calcul\",\"default\":\"\"},\"selected\":{\"header\":\"<span class=\\\"dashicons dashicons-yes\\\"><\\\/span>\",\"default\":0}}},\"manual_value\":true},{\"errors\":[],\"max_options\":0,\"label\":\"Plex\",\"value\":\"Plex\",\"calc\":\"3\",\"selected\":0,\"order\":2,\"settingModel\":{\"settings\":false,\"hide_merge_tags\":false,\"error\":false,\"name\":\"options\",\"type\":\"option-repeater\",\"label\":\"Options <a href=\\\"#\\\" class=\\\"nf-add-new\\\">Ajouter<\\\/a> <a href=\\\"#\\\" class=\\\"extra nf-open-import-tooltip\\\"><i class=\\\"fa fa-sign-in\\\" aria-hidden=\\\"true\\\"><\\\/i> Importer<\\\/a>\",\"width\":\"full\",\"group\":\"\",\"value\":[{\"label\":\"Un\",\"value\":\"un\",\"calc\":\"\",\"selected\":0,\"order\":0},{\"label\":\"Deux\",\"value\":\"deux\",\"calc\":\"\",\"selected\":0,\"order\":1},{\"label\":\"Trois\",\"value\":\"trois\",\"calc\":\"\",\"selected\":0,\"order\":2}],\"columns\":{\"label\":{\"header\":\"Libell\\u00e9\",\"default\":\"\"},\"value\":{\"header\":\"Valeur\",\"default\":\"\"},\"calc\":{\"header\":\"Valeur de calcul\",\"default\":\"\"},\"selected\":{\"header\":\"<span class=\\\"dashicons dashicons-yes\\\"><\\\/span>\",\"default\":0}}},\"manual_value\":true}],\"container_class\":\"\",\"element_class\":\"\",\"admin_label\":\"\",\"help_text\":\"\",\"multi_size\":5,\"drawerDisabled\":false,\"id\":61,\"beforeField\":\"\",\"afterField\":\"\",\"value\":\"\",\"parentType\":\"list\",\"element_templates\":[\"listselect\",\"input\"],\"old_classname\":\"list-multiselect\",\"wrap_template\":\"wrap\"},{\"objectType\":\"Field\",\"objectDomain\":\"fields\",\"editActive\":false,\"order\":7,\"label\":\"Mod\\u00e8le\",\"type\":\"listmultiselect\",\"key\":\"modele_1580326366733\",\"label_pos\":\"above\",\"required\":1,\"options\":[{\"errors\":[],\"max_options\":0,\"label\":\"Plein pied (bungalow)\",\"value\":\"PleinPied\",\"calc\":\"\",\"selected\":0,\"order\":0,\"settingModel\":{\"settings\":false,\"hide_merge_tags\":false,\"error\":false,\"name\":\"options\",\"type\":\"option-repeater\",\"label\":\"Options <a href=\\\"#\\\" class=\\\"nf-add-new\\\">Ajouter<\\\/a> <a href=\\\"#\\\" class=\\\"extra nf-open-import-tooltip\\\"><i class=\\\"fa fa-sign-in\\\" aria-hidden=\\\"true\\\"><\\\/i> Importer<\\\/a>\",\"width\":\"full\",\"group\":\"\",\"value\":[{\"label\":\"Un\",\"value\":\"un\",\"calc\":\"\",\"selected\":0,\"order\":0},{\"label\":\"Deux\",\"value\":\"deux\",\"calc\":\"\",\"selected\":0,\"order\":1},{\"label\":\"Trois\",\"value\":\"trois\",\"calc\":\"\",\"selected\":0,\"order\":2}],\"columns\":{\"label\":{\"header\":\"Libell\\u00e9\",\"default\":\"\"},\"value\":{\"header\":\"Valeur\",\"default\":\"\"},\"calc\":{\"header\":\"Valeur de calcul\",\"default\":\"\"},\"selected\":{\"header\":\"<span class=\\\"dashicons dashicons-yes\\\"><\\\/span>\",\"default\":0}}},\"manual_value\":true},{\"errors\":[],\"max_options\":0,\"label\":\"\\u00c9tage ou palier multiple\",\"value\":\"tage\",\"calc\":\"\",\"selected\":0,\"order\":1,\"settingModel\":{\"settings\":false,\"hide_merge_tags\":false,\"error\":false,\"name\":\"options\",\"type\":\"option-repeater\",\"label\":\"Options <a href=\\\"#\\\" class=\\\"nf-add-new\\\">Ajouter<\\\/a> <a href=\\\"#\\\" class=\\\"extra nf-open-import-tooltip\\\"><i class=\\\"fa fa-sign-in\\\" aria-hidden=\\\"true\\\"><\\\/i> Importer<\\\/a>\",\"width\":\"full\",\"group\":\"\",\"value\":[{\"label\":\"Un\",\"value\":\"un\",\"calc\":\"\",\"selected\":0,\"order\":0},{\"label\":\"Deux\",\"value\":\"deux\",\"calc\":\"\",\"selected\":0,\"order\":1},{\"label\":\"Trois\",\"value\":\"trois\",\"calc\":\"\",\"selected\":0,\"order\":2}],\"columns\":{\"label\":{\"header\":\"Libell\\u00e9\",\"default\":\"\"},\"value\":{\"header\":\"Valeur\",\"default\":\"\"},\"calc\":{\"header\":\"Valeur de calcul\",\"default\":\"\"},\"selected\":{\"header\":\"<span class=\\\"dashicons dashicons-yes\\\"><\\\/span>\",\"default\":0}}},\"manual_value\":true},{\"errors\":[],\"max_options\":0,\"label\":\"Peu importe\",\"value\":\"Tout\",\"calc\":\"\",\"selected\":0,\"order\":2,\"settingModel\":{\"settings\":false,\"hide_merge_tags\":false,\"error\":false,\"name\":\"options\",\"type\":\"option-repeater\",\"label\":\"Options <a href=\\\"#\\\" class=\\\"nf-add-new\\\">Ajouter<\\\/a> <a href=\\\"#\\\" class=\\\"extra nf-open-import-tooltip\\\"><i class=\\\"fa fa-sign-in\\\" aria-hidden=\\\"true\\\"><\\\/i> Importer<\\\/a>\",\"width\":\"full\",\"group\":\"\",\"value\":[{\"label\":\"Un\",\"value\":\"un\",\"calc\":\"\",\"selected\":0,\"order\":0},{\"label\":\"Deux\",\"value\":\"deux\",\"calc\":\"\",\"selected\":0,\"order\":1},{\"label\":\"Trois\",\"value\":\"trois\",\"calc\":\"\",\"selected\":0,\"order\":2}],\"columns\":{\"label\":{\"header\":\"Libell\\u00e9\",\"default\":\"\"},\"value\":{\"header\":\"Valeur\",\"default\":\"\"},\"calc\":{\"header\":\"Valeur de calcul\",\"default\":\"\"},\"selected\":{\"header\":\"<span class=\\\"dashicons dashicons-yes\\\"><\\\/span>\",\"default\":0}}},\"manual_value\":true}],\"container_class\":\"\",\"element_class\":\"\",\"admin_label\":\"\",\"help_text\":\"\",\"multi_size\":5,\"drawerDisabled\":false,\"id\":62,\"beforeField\":\"\",\"afterField\":\"\",\"value\":\"\",\"parentType\":\"list\",\"element_templates\":[\"listselect\",\"input\"],\"old_classname\":\"list-multiselect\",\"wrap_template\":\"wrap\"},{\"objectType\":\"Field\",\"objectDomain\":\"fields\",\"editActive\":false,\"order\":8,\"label\":\"Nombre de chambre total\",\"type\":\"number\",\"key\":\"nombre_de_chambre_total_1580326200620\",\"label_pos\":\"above\",\"required\":1,\"default\":\"\",\"placeholder\":\"\",\"container_class\":\"\",\"element_class\":\"\",\"manual_key\":false,\"admin_label\":\"\",\"help_text\":\"\",\"num_min\":\"\",\"num_max\":\"\",\"num_step\":1,\"value\":\"\",\"drawerDisabled\":false,\"id\":63,\"beforeField\":\"\",\"afterField\":\"\",\"parentType\":\"number\",\"element_templates\":[\"number\",\"input\"],\"old_classname\":\"\",\"wrap_template\":\"wrap\"},{\"objectType\":\"Field\",\"objectDomain\":\"fields\",\"editActive\":false,\"order\":9,\"label\":\"Nombre total de salle de bains et salle d'eau\",\"type\":\"number\",\"key\":\"nombre_total_de_salle_de_bains_et_salle_d_eau_1580326291019\",\"label_pos\":\"above\",\"required\":1,\"default\":\"\",\"placeholder\":\"\",\"container_class\":\"\",\"element_class\":\"\",\"manual_key\":false,\"admin_label\":\"\",\"help_text\":\"\",\"num_min\":\"\",\"num_max\":\"\",\"num_step\":1,\"value\":\"\",\"drawerDisabled\":false,\"id\":64,\"beforeField\":\"\",\"afterField\":\"\",\"parentType\":\"number\",\"element_templates\":[\"number\",\"input\"],\"old_classname\":\"\",\"wrap_template\":\"wrap\"},{\"objectType\":\"Field\",\"objectDomain\":\"fields\",\"editActive\":false,\"order\":10,\"label\":\"Villes ou secteurs recherch\\u00e9s\",\"type\":\"city\",\"key\":\"villes_ou_secteurs_recherches_1580326578120\",\"label_pos\":\"above\",\"required\":1,\"default\":\"\",\"placeholder\":\"\",\"container_class\":\"\",\"element_class\":\"\",\"input_limit\":\"\",\"input_limit_type\":\"characters\",\"input_limit_msg\":\"Caract\\u00e8re(s) restant(s)\",\"manual_key\":false,\"admin_label\":\"\",\"help_text\":\"\",\"mask\":\"\",\"custom_mask\":\"\",\"custom_name_attribute\":\"city\",\"personally_identifiable\":\"\",\"value\":\"\",\"drawerDisabled\":false,\"id\":65,\"beforeField\":\"\",\"afterField\":\"\",\"parentType\":\"city\",\"element_templates\":[\"city\",\"textbox\",\"input\"],\"old_classname\":\"\",\"wrap_template\":\"wrap\"},{\"objectType\":\"Field\",\"objectDomain\":\"fields\",\"editActive\":false,\"order\":11,\"processing_label\":\"Sending ...\",\"label\":\"Soumettre\",\"key\":\"soumettre_1564521234923\",\"type\":\"submit\",\"container_class\":\"\",\"element_class\":\"\",\"id\":11,\"beforeField\":\"\",\"afterField\":\"\",\"value\":\"\",\"label_pos\":\"above\",\"parentType\":\"textbox\",\"element_templates\":[\"submit\",\"button\",\"input\"],\"old_classname\":\"\",\"wrap_template\":\"wrap-no-label\"}];nfForms.push(form);<\/script>\n        ","protected":false},"excerpt":{"rendered":"<p>Afin de faciliter la cr\u00e9ation de votre portail de r\u00e9sultats de recherches de propri\u00e9t\u00e9s, plus vous allez ajouter de l&rsquo;information,&hellip;<\/p>\n","protected":false},"author":1,"featured_media":316,"parent":19,"menu_order":33,"comment_status":"closed","ping_status":"closed","template":"","meta":[],"_links":{"self":[{"href":"https:\/\/www.depierreetdebeton.ca\/wp001\/wp-json\/wp\/v2\/pages\/390"}],"collection":[{"href":"https:\/\/www.depierreetdebeton.ca\/wp001\/wp-json\/wp\/v2\/pages"}],"about":[{"href":"https:\/\/www.depierreetdebeton.ca\/wp001\/wp-json\/wp\/v2\/types\/page"}],"author":[{"embeddable":true,"href":"https:\/\/www.depierreetdebeton.ca\/wp001\/wp-json\/wp\/v2\/users\/1"}],"replies":[{"embeddable":true,"href":"https:\/\/www.depierreetdebeton.ca\/wp001\/wp-json\/wp\/v2\/comments?post=390"}],"version-history":[{"count":6,"href":"https:\/\/www.depierreetdebeton.ca\/wp001\/wp-json\/wp\/v2\/pages\/390\/revisions"}],"predecessor-version":[{"id":522,"href":"https:\/\/www.depierreetdebeton.ca\/wp001\/wp-json\/wp\/v2\/pages\/390\/revisions\/522"}],"up":[{"embeddable":true,"href":"https:\/\/www.depierreetdebeton.ca\/wp001\/wp-json\/wp\/v2\/pages\/19"}],"wp:featuredmedia":[{"embeddable":true,"href":"https:\/\/www.depierreetdebeton.ca\/wp001\/wp-json\/wp\/v2\/media\/316"}],"wp:attachment":[{"href":"https:\/\/www.depierreetdebeton.ca\/wp001\/wp-json\/wp\/v2\/media?parent=390"}],"curies":[{"name":"wp","href":"https:\/\/api.w.org\/{rel}","templated":true}]}}