{"id":392,"date":"2019-07-25T17:58:11","date_gmt":"2019-07-25T20:58:11","guid":{"rendered":"http:\/\/www.christianlaplante.ca\/?page_id=392"},"modified":"2020-08-13T11:30:16","modified_gmt":"2020-08-13T14:30:16","slug":"les-gratuites","status":"publish","type":"page","link":"https:\/\/www.depierreetdebeton.ca\/wp001\/les-gratuites\/","title":{"rendered":"Les gratuit\u00e9s"},"content":{"rendered":"\n<p>Qu&rsquo;est-ce qui peut bien \u00eatre gratuit?<\/p>\n\n\n\n<p>Les gratuit\u00e9s que j&rsquo;offre sont soient des services rendus ou des \u00e9l\u00e9ments mat\u00e9riels. Certains \u00e9l\u00e9ments sont promotionnels tel que des cadeaux suite \u00e0 un r\u00e9f\u00e9rencement d&rsquo;une personne qui d\u00e9sire vendre ou acheter.<\/p>\n\n\n\n<p>Voici la liste des gratuit\u00e9s avec certaines conditions qui s&rsquo;appliquent:<\/p>\n\n\n\n<ul><li>Cadeaux de r\u00e9f\u00e9rencements (d&rsquo;une valeur \u00e9gal \u00e0 0.15% du montant de la transaction) et c&rsquo;est vous qui choisissez le cadeau.<\/li><li>Analyse des comparables que vous soyez acheteur ou vendeur.<\/li><li>\u00c9tude d&rsquo;\u00e9valuation marchande de votre propri\u00e9t\u00e9.<\/li><li>Portail WEB contenant la liste des propri\u00e9t\u00e9s qui correspondent \u00e0 vos crit\u00e8res. Soyez inform\u00e9 \u00e0 connaitre les nouvelles inscriptions d\u00e8s que celles-ci entrent sur le march\u00e9.<\/li><li>R\u00e9f\u00e9rencement de tout professionnel touchant l&rsquo;immobilier, tel que courtier hypoth\u00e9caire, inspecteur en b\u00e2timent etc.<\/li><\/ul>\n\n\n\n<p>Pour les acheteurs, mon offre de service complet pour vous aider \u00e0 trouver une propri\u00e9t\u00e9 est enti\u00e8rement gratuit, recherche de propri\u00e9t\u00e9s, portail WEB, analyse de comparables, coordination des visites, recherche de documents pertinents, registre foncier, municipalit\u00e9 etc., v\u00e9rification des titres et plus encore.  Voyez mon offre de service complet pour plus de d\u00e9tails sous l&rsquo;onglet mon offre de service.<\/p>\n\n\n\n<p>De plus recevez un cadeau de r\u00e9f\u00e9rencement. Le cadeau de r\u00e9f\u00e9rencement est un cadeau que je vous offre lorsque vous me r\u00e9f\u00e9rez une personne avec qui je conclue une vente ou un achat.<\/p>\n\n\n\n<p>Ce cadeau est choisi par vous et elle est d&rsquo;une valeur calcul\u00e9e sur un montant d&rsquo;une transaction, peut \u00eatre par exemple entre $200 et 1000$ que \u00e7a soit pour un achat ou une vente.  Certaines conditions s&rsquo;appliquent.<\/p>\n","protected":false},"excerpt":{"rendered":"<p>Qu&rsquo;est-ce qui peut bien \u00eatre gratuit? Les gratuit\u00e9s que j&rsquo;offre sont soient des services rendus ou des \u00e9l\u00e9ments mat\u00e9riels. Certains&hellip;<\/p>\n","protected":false},"author":1,"featured_media":0,"parent":0,"menu_order":21,"comment_status":"closed","ping_status":"closed","template":"","meta":[],"_links":{"self":[{"href":"https:\/\/www.depierreetdebeton.ca\/wp001\/wp-json\/wp\/v2\/pages\/392"}],"collection":[{"href":"https:\/\/www.depierreetdebeton.ca\/wp001\/wp-json\/wp\/v2\/pages"}],"about":[{"href":"https:\/\/www.depierreetdebeton.ca\/wp001\/wp-json\/wp\/v2\/types\/page"}],"author":[{"embeddable":true,"href":"https:\/\/www.depierreetdebeton.ca\/wp001\/wp-json\/wp\/v2\/users\/1"}],"replies":[{"embeddable":true,"href":"https:\/\/www.depierreetdebeton.ca\/wp001\/wp-json\/wp\/v2\/comments?post=392"}],"version-history":[{"count":6,"href":"https:\/\/www.depierreetdebeton.ca\/wp001\/wp-json\/wp\/v2\/pages\/392\/revisions"}],"predecessor-version":[{"id":516,"href":"https:\/\/www.depierreetdebeton.ca\/wp001\/wp-json\/wp\/v2\/pages\/392\/revisions\/516"}],"wp:attachment":[{"href":"https:\/\/www.depierreetdebeton.ca\/wp001\/wp-json\/wp\/v2\/media?parent=392"}],"curies":[{"name":"wp","href":"https:\/\/api.w.org\/{rel}","templated":true}]}}